{"id":2212,"date":"2021-02-10T11:26:46","date_gmt":"2021-02-10T11:26:46","guid":{"rendered":"http:\/\/solcoex.com\/?page_id=2212"},"modified":"2023-02-17T12:01:30","modified_gmt":"2023-02-17T12:01:30","slug":"ahorro-de-costes","status":"publish","type":"page","link":"https:\/\/solcoex.com\/?page_id=2212","title":{"rendered":"Ahorro de costes"},"content":{"rendered":"\r\n<p class=\"has-text-align-center has-vivid-green-cyan-color has-text-color has-medium-font-size\"><strong><span style=\"color:#92d050\" class=\"has-inline-color\">Contacte con nosotros lo antes posible para trabajar en su soluci\u00f3n a medida.<\/span><\/strong><\/p>\r\n\r\n\r\n\r\n<p class=\"has-text-align-left\"><strong>SCX&nbsp;<\/strong>es una empresa con amplia experiencia en&nbsp;<strong>ingenier\u00eda log\u00edstica<\/strong>&nbsp;y&nbsp;<strong>cadena de suministro<\/strong>. Nuestro equipo dispone de amplia experiencia en&nbsp;<strong>optimizaci\u00f3n de procesos log\u00edsticos, gesti\u00f3n de almacenes, expediciones y aprovisionamientos<\/strong>&nbsp;de mercanc\u00eda. Nuestra empresa lleva a\u00f1os entregando&nbsp;<strong>proyectos de mejora<\/strong>&nbsp;de alta complejidad a nuestros clientes. Disponemos de un equipo de profesionales altamente formados, con experiencia y conocimiento real.<\/p>\r\n","protected":false},"excerpt":{"rendered":"<p>Contacte con nosotros lo antes posible para trabajar en su soluci\u00f3n a medida. SCX&nbsp;es una empresa con amplia experiencia en&nbsp;ingenier\u00eda<\/p>\n","protected":false},"author":1,"featured_media":0,"parent":0,"menu_order":0,"comment_status":"closed","ping_status":"closed","template":"","meta":[],"_links":{"self":[{"href":"https:\/\/solcoex.com\/index.php?rest_route=\/wp\/v2\/pages\/2212"}],"collection":[{"href":"https:\/\/solcoex.com\/index.php?rest_route=\/wp\/v2\/pages"}],"about":[{"href":"https:\/\/solcoex.com\/index.php?rest_route=\/wp\/v2\/types\/page"}],"author":[{"embeddable":true,"href":"https:\/\/solcoex.com\/index.php?rest_route=\/wp\/v2\/users\/1"}],"replies":[{"embeddable":true,"href":"https:\/\/solcoex.com\/index.php?rest_route=%2Fwp%2Fv2%2Fcomments&post=2212"}],"version-history":[{"count":4,"href":"https:\/\/solcoex.com\/index.php?rest_route=\/wp\/v2\/pages\/2212\/revisions"}],"predecessor-version":[{"id":2271,"href":"https:\/\/solcoex.com\/index.php?rest_route=\/wp\/v2\/pages\/2212\/revisions\/2271"}],"wp:attachment":[{"href":"https:\/\/solcoex.com\/index.php?rest_route=%2Fwp%2Fv2%2Fmedia&parent=2212"}],"curies":[{"name":"wp","href":"https:\/\/api.w.org\/{rel}","templated":true}]}}