{"id":2,"date":"2016-02-03T04:08:41","date_gmt":"2016-02-03T04:08:41","guid":{"rendered":"http:\/\/wp442m.a10-52-158-154.qa.plesk.ru\/wordpress\/?page_id=2"},"modified":"2016-12-28T08:08:49","modified_gmt":"2016-12-28T08:08:49","slug":"sample-page","status":"publish","type":"page","link":"https:\/\/solcoex.com\/?page_id=2","title":{"rendered":"8 claves de Log\u00edstica para ser Competitivo"},"content":{"rendered":"<p>La log\u00edstica re\u00fane todos los m\u00e9todos necesarios para la correcta operaci\u00f3n de una empresa. Para que una empresa sea competitiva debe tener una buena gesti\u00f3n de su cadena de suministro, considerando aspectos como la transportaci\u00f3n, los env\u00edos y los inventarios. En ocasiones, es necesario que la empresa adopte cambios estructurales para mejorar su log\u00edstica; en otras, se trata de peque\u00f1as modificaciones que permiten ser m\u00e1s eficiente en el proceso.<\/p>\n<p>Finalmente, la correcta administraci\u00f3n de esta \u00e1rea tiene efectos directos en la calidad del servicio y en los costos del producto; y es aqu\u00ed donde puedes encontrar ventajas competitivas y valor a\u00f1adido para tus clientes.<\/p>\n<p>A continuaci\u00f3n, te detallamos las \u00e1reas que debe considerar para mejorar su log\u00edstica y ser m\u00e1s competitivo.<\/p>\n<p><strong>1.APLICACI\u00d3N DE TECNOLOG\u00cdA EN CADENA DE SUMINISTRO<\/strong><\/p>\n<p>Se trata de herramientas que facilitan la visibilidad en la cadena de suministro, aportando informaci\u00f3n acerca de los procesos y mejorando el intercambio de datos entre todos los miembros de la cadena.<\/p>\n<p>Algunos de los sistemas b\u00e1sicos son:<\/p>\n<p>ERP: sistemas integrados de gesti\u00f3n<\/p>\n<p>RFID: sistemas de identificaci\u00f3n por radiofrecuencia<\/p>\n<p>S&amp;OP y CPFR: son tecnolog\u00edas B2B y ayudan al procesamiento de \u00f3rdenes en la entrega de productos<\/p>\n<p>TMS: gesti\u00f3n de transporte. Se usa en relaciones colaborativas con transportistas, proveedores y clientes<\/p>\n<p>CGA: Sistema de Gesti\u00f3n de Almacenes.<\/p>\n<p><img loading=\"lazy\" width=\"300\" height=\"208\" class=\"size-full wp-image-2002 aligncenter\" src=\"http:\/\/solcoex.com\/wp-content\/uploads\/2016\/02\/tecnologia.jpg\" alt=\"tecnologia\" \/><\/p>\n<p><strong style=\"line-height: 1.5;\">2.GESTI\u00d3N DE INVENTARIOS<\/strong><\/p>\n<p>El principal objetivo de esta pr\u00e1ctica es asegurar la disposici\u00f3n de materiales y productos para satisfacer la demanda. Aqu\u00ed la clave es definir procesos para gestionar de manera eficiente los productos.<\/p>\n<p>Recomendaciones:<\/p>\n<p>&#8211; Usar pr\u00e1cticas de codificaci\u00f3n para identificar materiales y productos. Facilita la estandarizaci\u00f3n y es esencial para los procesos de calidad.<\/p>\n<p>&#8211; Usar pr\u00e1cticas de clasificaci\u00f3n (por ejemplo, el ABC para clasificar materiales seg\u00fan su importancia).<\/p>\n<p>&#8211; Gestionar los stocks de manera sincronizada para la optimizaci\u00f3n de inventarios.<\/p>\n<p>&#8211; Implementar la pol\u00edtica de <em>just in time<\/em> para mantener los inventarios en buenos niveles y reducir costes de almacenamiento.<\/p>\n<p>&#8211; Aprovechar la estrategia de postergaci\u00f3n, que permite retrasar la personalizaci\u00f3n del producto al m\u00e1ximo, para responder mejor a la demanda.<\/p>\n<p>&#8211; Invitar a los proveedores a gestionar inventarios. A esto se le llama VMI y el objetivo es mejorar el servicio del fabricante hacia el cliente final.<\/p>\n<p>&#8211; Adquirir software de sistemas de planificaci\u00f3n avanzadas (APS), para solucionar problemas en la cadena de suministro.<\/p>\n<p><img loading=\"lazy\" class=\" wp-image-2006 aligncenter\" src=\"http:\/\/solcoex.com\/wp-content\/uploads\/2016\/02\/gestion-almacenes.png\" alt=\"gestion-almacenes\" width=\"377\" height=\"258\" srcset=\"https:\/\/solcoex.com\/wp-content\/uploads\/2016\/02\/gestion-almacenes.png 570w, https:\/\/solcoex.com\/wp-content\/uploads\/2016\/02\/gestion-almacenes-300x205.png 300w\" sizes=\"(max-width: 377px) 100vw, 377px\" \/><\/p>\n<p><strong style=\"line-height: 1.5;\">3.GESTI\u00d3N DE ALMACENES<\/strong><\/p>\n<p>En algunas empresas, el almac\u00e9n puede significar hasta un 60 por ciento de los costes. Aprender a gestionarlo es clave para la competitividad. \u00bfC\u00f3mo puedes hacerlo? Aqu\u00ed unas ideas:<\/p>\n<ul>\n<li>Usa sistemas de recolecci\u00f3n autom\u00e1tica que aumentan la eficiencia de recursos relativos a la gesti\u00f3n de almacenes.<\/li>\n<li>Planifica estrat\u00e9gicamente la red de suministro. Busca la forma m\u00e1s econ\u00f3mica de enviar y recibir el producto, manteniendo la calidad y el servicio al cliente.<\/li>\n<li>Usa almacenes compartidos. Es recomendable para las Pymes que tienen geograf\u00eda cambiante, ya que les permite ser flexibles.<\/li>\n<li>Ten almacenes reguladores. Permiten una distribuci\u00f3n m\u00e1s din\u00e1mica y aseguran una respuesta r\u00e1pida<\/li>\n<\/ul>\n<p><strong>4.GESTI\u00d3N DE TRANSPORTES<\/strong><\/p>\n<p>Esta \u00e1rea suele representar altos costos en las organizaciones, por lo que mejorar su gesti\u00f3n es esencial para la competitividad. Esto incluye implementar estrategias en dise\u00f1o de redes y algunas de las mejores pr\u00e1cticas son:<\/p>\n<p>&#8211; Trazabilidad de la cadena del fr\u00edo. Este punto es clave en la cadena alimentaria pues se encarga del control de la temperatura en todo el proceso de distribuci\u00f3n.<\/p>\n<p>&#8211; Trazabilidad y seguridad en toda la cadena de suministro. Esto te ayudar\u00e1 a conocer el historial, ubicaci\u00f3n y trayectoria de un producto para control de stocks y de producci\u00f3n y coordinaci\u00f3n con distribuidores.<\/p>\n<p>&#8211; Uso de Crossdocking. Tiene ventajas como entregas diarias a tiendas, control de la cadena, exactitud en entregas y ahorro en transportes.<\/p>\n<p>&#8211; Utilizaci\u00f3n de transporte multimodal. Es eficiente para el transporte de materiales y productos. Tambi\u00e9n facilita el transporte internacional.<\/p>\n<p>&#8211; Implementaci\u00f3n de Grupaje. Es utilizado en transporte ferroviario y carreteras, mediante una carga para varias empresas. Sirve para reducir tarifas y limitar el riesgo del cliente.<\/p>\n<p>&#8211; Outsourcing. La externalizaci\u00f3n de este proceso permite reducir costos y mejorar la eficiencia.<\/p>\n<p>&#8211; Log\u00edstica inversa. Son todos los procesos y actividades para gestionar el retorno y el reciclaje.<\/p>\n<p><img loading=\"lazy\" class=\"wp-image-2010 aligncenter\" src=\"http:\/\/solcoex.com\/wp-content\/uploads\/2016\/02\/logistica.jpg\" alt=\"logistica\" width=\"377\" height=\"258\" srcset=\"https:\/\/solcoex.com\/wp-content\/uploads\/2016\/02\/logistica.jpg 731w, https:\/\/solcoex.com\/wp-content\/uploads\/2016\/02\/logistica-300x205.jpg 300w, https:\/\/solcoex.com\/wp-content\/uploads\/2016\/02\/logistica-700x479.jpg 700w\" sizes=\"(max-width: 377px) 100vw, 377px\" \/><\/p>\n<p><strong>5.OUTSOURCING DE SERVICIOS LOG\u00cdSTICOS<\/strong><\/p>\n<p>La externalizaci\u00f3n de estos procesos es una buena pr\u00e1ctica para mejorar la competitividad. Esto incluye a transportistas, proveedores de servicios de log\u00edstica y proveedores de servicios integrados. Los especializados usan tecnolog\u00eda avanzada, con la intenci\u00f3n de brindar el mejor servicio, tal como herramientas de comunicaci\u00f3n electr\u00f3nicas. Para que funcione este esquema es necesario que implementes pr\u00e1cticas colaborativas con estos proveedores. Disminuir\u00e1n los costes y aumentar\u00e1 tu eficiencia.<\/p>\n<p><strong style=\"line-height: 1.5;\">6.GESTI\u00d3N DE APROVISIONAMIENTO<\/strong><\/p>\n<p>En este punto, se requiere una buena planificaci\u00f3n para mejorar la coordinaci\u00f3n entre proveedor y cliente. Toma nota de algunas de las mejores pr\u00e1cticas:<\/p>\n<p>&#8211; Incluir la gesti\u00f3n de compras en la planificaci\u00f3n de la empresa, para alinearlas con los objetivos del negocio.<\/p>\n<p>&#8211; El \u00e1rea de abastecimiento debe conocer la estrategia de negocio. Esto para elegir la gesti\u00f3n m\u00e1s adecuada para la empresa. La funci\u00f3n de abastecimiento, en cuanto a costos, calidad y niveles de servicio de los proveedores, debe elegirse en funci\u00f3n a la estrategia del negocio.<\/p>\n<p>&#8211; Se debe medir el desempe\u00f1o, seg\u00fan la contribuci\u00f3n al negocio. Es decir, contar con m\u00e9tricas claras para identificar la relaci\u00f3n entre una buena gesti\u00f3n de compras y los resultados.<\/p>\n<p><img loading=\"lazy\" class=\" wp-image-2015 aligncenter\" src=\"http:\/\/solcoex.com\/wp-content\/uploads\/2016\/02\/e4d8632b-2d13-448e-a221-e39538275145.png\" alt=\"e4d8632b-2d13-448e-a221-e39538275145\" width=\"324\" height=\"216\" srcset=\"https:\/\/solcoex.com\/wp-content\/uploads\/2016\/02\/e4d8632b-2d13-448e-a221-e39538275145.png 343w, https:\/\/solcoex.com\/wp-content\/uploads\/2016\/02\/e4d8632b-2d13-448e-a221-e39538275145-300x200.png 300w\" sizes=\"(max-width: 324px) 100vw, 324px\" \/><\/p>\n<p><strong>7.USAR M\u00c9TRICAS<\/strong><\/p>\n<p>Como en cualquier \u00e1rea del negocio, la log\u00edstica requiere de medici\u00f3n y retroalimentaci\u00f3n, utilizando indicadores como Rotaci\u00f3n de Inventarios, Coste de Mercanc\u00edas Vendidas y Retorno sobre Activos.<\/p>\n<p>Estos son algunos consejos que puedes seguir:<\/p>\n<p>&#8211; Usa el modelo SCOR para tener mediciones objetivas de la cadena de suministro.<\/p>\n<p>&#8211; Considera los costos log\u00edsticos como parte de las ventas (generalmente est\u00e1n entre el 8 y 10%).<\/p>\n<p>&#8211; Define la cantidad de entregas a tiempo. Se mide como la proporci\u00f3n del producto que el cliente recibi\u00f3 a tiempo con respecto a todo el producto que le fue enviado por el proveedor.<\/p>\n<p>&#8211; Mide los d\u00edas de inventario. Es decir, la eficiencia del inventario y los d\u00edas de rotaci\u00f3n.<\/p>\n<p><strong>8.LA RELACI\u00d3N CON PROVEEDORES DE LA CADENA DE SUMINISTRO<\/strong><\/p>\n<p>Se requiere integrar los procesos del negocio para responder de manera correcta al cliente. Para ello, se necesita lograr colaboraci\u00f3n entre todos los miembros de la cadena de suministro, por medio de la confianza mutua y el intercambio de informaci\u00f3n.<\/p>\n<p>Algunos tips:<\/p>\n<p>&#8211; Asignar personal para gestionar la relaci\u00f3n con proveedores.<\/p>\n<p>&#8211; Entregar retroalimentaci\u00f3n oportuna a los proveedores en cuanto a su desempe\u00f1o.<\/p>\n<p>&#8211; Medir la percepci\u00f3n del cliente sobre el proveedor.<\/p>\n<p>&#8211; Establecer contratos a largo plazo que beneficien a ambas partes.<\/p>\n<p>&#8211; Facilitar la cooperaci\u00f3n mutua.<\/p>\n<p>&#8211; Tener reuniones peri\u00f3dicas para entender sus expectativas e inquietudes.<\/p>\n<p>&#8211; Compartir los planes de negocio a largo plazo.<\/p>\n<p><img loading=\"lazy\" class=\"wp-image-2013 aligncenter\" src=\"http:\/\/solcoex.com\/wp-content\/uploads\/2016\/02\/ser-profesional.jpg\" alt=\"ser-profesional\" width=\"363\" height=\"202\" srcset=\"https:\/\/solcoex.com\/wp-content\/uploads\/2016\/02\/ser-profesional.jpg 720w, https:\/\/solcoex.com\/wp-content\/uploads\/2016\/02\/ser-profesional-300x167.jpg 300w, https:\/\/solcoex.com\/wp-content\/uploads\/2016\/02\/ser-profesional-700x389.jpg 700w\" sizes=\"(max-width: 363px) 100vw, 363px\" \/><\/p>\n","protected":false},"excerpt":{"rendered":"<p>La log\u00edstica re\u00fane todos los m\u00e9todos necesarios para la correcta operaci\u00f3n de una empresa. Para que una empresa sea competitiva<\/p>\n","protected":false},"author":1,"featured_media":0,"parent":0,"menu_order":0,"comment_status":"closed","ping_status":"open","template":"","meta":[],"_links":{"self":[{"href":"https:\/\/solcoex.com\/index.php?rest_route=\/wp\/v2\/pages\/2"}],"collection":[{"href":"https:\/\/solcoex.com\/index.php?rest_route=\/wp\/v2\/pages"}],"about":[{"href":"https:\/\/solcoex.com\/index.php?rest_route=\/wp\/v2\/types\/page"}],"author":[{"embeddable":true,"href":"https:\/\/solcoex.com\/index.php?rest_route=\/wp\/v2\/users\/1"}],"replies":[{"embeddable":true,"href":"https:\/\/solcoex.com\/index.php?rest_route=%2Fwp%2Fv2%2Fcomments&post=2"}],"version-history":[{"count":14,"href":"https:\/\/solcoex.com\/index.php?rest_route=\/wp\/v2\/pages\/2\/revisions"}],"predecessor-version":[{"id":2016,"href":"https:\/\/solcoex.com\/index.php?rest_route=\/wp\/v2\/pages\/2\/revisions\/2016"}],"wp:attachment":[{"href":"https:\/\/solcoex.com\/index.php?rest_route=%2Fwp%2Fv2%2Fmedia&parent=2"}],"curies":[{"name":"wp","href":"https:\/\/api.w.org\/{rel}","templated":true}]}}